{"id":2315,"date":"2023-02-01T16:00:17","date_gmt":"2023-02-01T16:00:17","guid":{"rendered":"https:\/\/beatmove.qodeinteractive.com\/?page_id=2315"},"modified":"2025-09-16T11:10:24","modified_gmt":"2025-09-16T11:10:24","slug":"kontakt-tanzschule-hamburg","status":"publish","type":"page","link":"https:\/\/lp-dancecompany.de\/index.php\/kontakt-tanzschule-hamburg\/","title":{"rendered":"Kontakt"},"content":{"rendered":"\t\t<div data-elementor-type=\"wp-page\" data-elementor-id=\"2315\" class=\"elementor elementor-2315\">\n\t\t\t\t\t\t<section class=\"elementor-section elementor-top-section elementor-element elementor-element-ef74553 elementor-section-full_width elementor-section-height-default elementor-section-height-default\" data-id=\"ef74553\" data-element_type=\"section\" data-e-type=\"section\" data-settings=\"{&quot;background_background&quot;:&quot;classic&quot;}\">\n\t\t\t\t\t\t<div class=\"elementor-container elementor-column-gap-no\">\n\t\t\t\t\t<div class=\"elementor-column elementor-col-50 elementor-top-column elementor-element elementor-element-f8f7a30\" data-id=\"f8f7a30\" data-element_type=\"column\" data-e-type=\"column\" data-settings=\"{&quot;background_background&quot;:&quot;classic&quot;}\">\n\t\t\t<div class=\"elementor-widget-wrap elementor-element-populated\">\n\t\t\t\t\t\t<div class=\"elementor-element elementor-element-fda1b42 elementor-hidden-desktop elementor-hidden-mobile elementor-widget elementor-widget-beatmove_core_google_map\" data-id=\"fda1b42\" data-element_type=\"widget\" data-e-type=\"widget\" data-widget_type=\"beatmove_core_google_map.default\">\n\t\t\t\t<div class=\"elementor-widget-container\">\n\t\t\t\t\t<div class=\"qodef-shortcode qodef-m  qodef-google-map\">\n\t<div class=\"qodef-m-map\" id=\"qodef-map-id--245\" data-addresses='[\"\"]' data-pin=https:\/\/lp-dancecompany.de\/wp-content\/plugins\/beatmove-core\/inc\/maps\/assets\/img\/pin.png data-unique-id=245 data-height=750><\/div>\n<\/div>\n\t\t\t\t<\/div>\n\t\t\t\t<\/div>\n\t\t\t\t\t<\/div>\n\t\t<\/div>\n\t\t\t\t<div class=\"elementor-column elementor-col-50 elementor-top-column elementor-element elementor-element-f5ceb05\" data-id=\"f5ceb05\" data-element_type=\"column\" data-e-type=\"column\" data-settings=\"{&quot;background_background&quot;:&quot;classic&quot;}\">\n\t\t\t<div class=\"elementor-widget-wrap elementor-element-populated\">\n\t\t\t\t\t\t<div class=\"elementor-element elementor-element-a07e0c8 elementor-widget elementor-widget-spacer\" data-id=\"a07e0c8\" data-element_type=\"widget\" data-e-type=\"widget\" data-widget_type=\"spacer.default\">\n\t\t\t\t<div class=\"elementor-widget-container\">\n\t\t\t\t\t\t\t<div class=\"elementor-spacer\">\n\t\t\t<div class=\"elementor-spacer-inner\"><\/div>\n\t\t<\/div>\n\t\t\t\t\t\t<\/div>\n\t\t\t\t<\/div>\n\t\t\t\t<div class=\"elementor-element elementor-element-b0e8a2c elementor-widget elementor-widget-beatmove_core_section_title\" data-id=\"b0e8a2c\" data-element_type=\"widget\" data-e-type=\"widget\" data-widget_type=\"beatmove_core_section_title.default\">\n\t\t\t\t<div class=\"elementor-widget-container\">\n\t\t\t\t\t<div class=\"qodef-shortcode qodef-m  qodef-section-title qodef--has-appear qodef-alignment--left   \">\n\t\t<h3 class=\"qodef-m-title\" >\n\t\t\t\t\tHey, Selina hier! Ich freue mich von dir zu h\u00f6ren.\t\t\t<\/h3>\n\t\t<p class=\"qodef-m-text\" style=\"margin-top: 17px\">\n\t\tDu m\u00f6chtest ein Probetraining vereinbaren, hast Fragen zu unserem Competition Team oder m\u00f6chtest mehr \u00fcber unsere Classes erfahren? Dann freue ich mich sehr auf deine Nachricht! Du kannst mir auch super gerne auf WhatsApp schreiben - 0173 6737432. \t<\/p>\n<\/div>\n\t\t\t\t<\/div>\n\t\t\t\t<\/div>\n\t\t\t\t<div class=\"elementor-element elementor-element-2a4de8d elementor-widget elementor-widget-wp-widget-beatmove_core_contact_form_7\" data-id=\"2a4de8d\" data-element_type=\"widget\" data-e-type=\"widget\" data-widget_type=\"wp-widget-beatmove_core_contact_form_7.default\">\n\t\t\t\t<div class=\"elementor-widget-container\">\n\t\t\t\t\t\t\t\t<div class=\"qodef-contact-form-7 \">\n\t\t\t\t\n<div class=\"wpcf7 no-js\" id=\"wpcf7-f3359-o1\" lang=\"en-US\" dir=\"ltr\" data-wpcf7-id=\"3359\">\n<div class=\"screen-reader-response\"><p role=\"status\" aria-live=\"polite\" aria-atomic=\"true\"><\/p> <ul><\/ul><\/div>\n<form action=\"\/index.php\/wp-json\/wp\/v2\/pages\/2315#wpcf7-f3359-o1\" method=\"post\" class=\"wpcf7-form init\" aria-label=\"Contact form\" novalidate=\"novalidate\" data-status=\"init\">\n<fieldset class=\"hidden-fields-container\"><input type=\"hidden\" name=\"_wpcf7\" value=\"3359\" \/><input type=\"hidden\" name=\"_wpcf7_version\" value=\"6.1.5\" \/><input type=\"hidden\" name=\"_wpcf7_locale\" value=\"en_US\" \/><input type=\"hidden\" name=\"_wpcf7_unit_tag\" value=\"wpcf7-f3359-o1\" \/><input type=\"hidden\" name=\"_wpcf7_container_post\" value=\"0\" \/><input type=\"hidden\" name=\"_wpcf7_posted_data_hash\" value=\"\" \/>\n<\/fieldset>\n<div class=\"qodef-contact-form-main qodef-grid qodef-layout--columns qodef-col-num--2 qodef-gutter--small qodef-responsive--custom qodef-col-num--680--1\">\n    <div class=\"qodef-grid-inner\">\n        <div class=\"qodef-grid-item\"><span class=\"wpcf7-form-control-wrap\" data-name=\"first-name\"><input size=\"40\" maxlength=\"400\" class=\"wpcf7-form-control wpcf7-text wpcf7-validates-as-required\" aria-required=\"true\" aria-invalid=\"false\" placeholder=\"Name\" value=\"\" type=\"text\" name=\"first-name\" \/><\/span><\/div>\n        <div class=\"qodef-grid-item\"><span class=\"wpcf7-form-control-wrap\" data-name=\"your-email\"><input size=\"40\" maxlength=\"400\" class=\"wpcf7-form-control wpcf7-tel wpcf7-validates-as-required wpcf7-text wpcf7-validates-as-tel\" aria-required=\"true\" aria-invalid=\"false\" placeholder=\"Deine WhatsApp Nummer\" value=\"\" type=\"tel\" name=\"your-email\" \/><\/span><\/div>\n    <\/div>\n    <div><span class=\"wpcf7-form-control-wrap\" data-name=\"your-message\"><textarea cols=\"40\" rows=\"4\" maxlength=\"2000\" class=\"wpcf7-form-control wpcf7-textarea\" aria-invalid=\"false\" placeholder=\"Nachricht\" name=\"your-message\"><\/textarea><\/span><\/div>\n    <div class=\"qodef-submit-holder\">\n       <button name=\"submit\" type=\"submit\" class=\"qodef-submit qodef-button qodef-layout--textual qodef-html--link qodef-size--normal\" value=\"send\">\n           <span class=\"qodef-btn-text\">senden<\/span>\n           <svg class=\"qodef-svg--custom-arrow qodef-m-arrow\" xmlns=\"http:\/\/www.w3.org\/2000\/svg\" width=\"12.305\" height=\"12.205\">\n              <g>\n                 <path fill=\"none\" stroke-width=\"2\" d=\"M11.305 9V1h-8\"\/>\n                 <path fill=\"none\" stroke-width=\"2\" d=\"M11.26.945.707 11.498\"\/>\n              <\/g>\n              <g>\n                 <path fill=\"none\" stroke-width=\"2\" d=\"M11.305 9V1h-8\"\/>\n                 <path fill=\"none\" stroke-width=\"2\" d=\"M11.26.945.707 11.498\"\/>\n              <\/g>\n           <\/svg>\n       <\/button>\n    <\/div>\n<\/div><p style=\"display: none !important;\" class=\"akismet-fields-container\" data-prefix=\"_wpcf7_ak_\"><label>&#916;<textarea name=\"_wpcf7_ak_hp_textarea\" cols=\"45\" rows=\"8\" maxlength=\"100\"><\/textarea><\/label><input type=\"hidden\" id=\"ak_js_1\" name=\"_wpcf7_ak_js\" value=\"160\"\/><script type=\"text\/javascript\">\n\/* <![CDATA[ *\/\ndocument.getElementById( \"ak_js_1\" ).setAttribute( \"value\", ( new Date() ).getTime() );\n\/* ]]> *\/\n<\/script>\n<\/p><div class=\"wpcf7-response-output\" aria-hidden=\"true\"><\/div>\n<\/form>\n<\/div>\n\t\t\t<\/div>\n\t\t\t\t\t\t\t<\/div>\n\t\t\t\t<\/div>\n\t\t\t\t\t<\/div>\n\t\t<\/div>\n\t\t\t\t\t<\/div>\n\t\t<\/section>\n\t\t\t\t<\/div>\n\t\t","protected":false},"excerpt":{"rendered":"<p>Hey, Selina hier! Ich freue mich von dir zu h\u00f6ren. Du m\u00f6chtest ein Probetraining vereinbaren, hast Fragen zu unserem Competition Team oder m\u00f6chtest mehr \u00fcber unsere Classes erfahren? Dann freue ich mich sehr auf deine Nachricht! Du kannst mir auch super gerne auf WhatsApp schreiben &#8211; 0173 6737432.<\/p>\n","protected":false},"author":1,"featured_media":0,"parent":0,"menu_order":0,"comment_status":"closed","ping_status":"closed","template":"page-full-width.php","meta":{"_monsterinsights_skip_tracking":false,"_monsterinsights_sitenote_active":false,"_monsterinsights_sitenote_note":"","_monsterinsights_sitenote_category":0,"footnotes":""},"class_list":["post-2315","page","type-page","status-publish","hentry"],"yoast_head":"<!-- This site is optimized with the Yoast SEO plugin v27.5 - https:\/\/yoast.com\/product\/yoast-seo-wordpress\/ -->\n<title>Kontakt &#8211; Tanzschule Hamburg - La Pasi\u00f3n Dance Company<\/title>\n<meta name=\"description\" content=\"Du suchst nach dem richtigen Kontakt einer Tanzschule in Hamburg? Schreibe uns jetzt eine Nachricht und wir vereinbaren eine Probestunde!\" \/>\n<meta name=\"robots\" content=\"index, follow, max-snippet:-1, max-image-preview:large, max-video-preview:-1\" \/>\n<link rel=\"canonical\" href=\"https:\/\/lp-dancecompany.de\/index.php\/kontakt-tanzschule-hamburg\/\" \/>\n<meta property=\"og:locale\" content=\"de_DE\" \/>\n<meta property=\"og:type\" content=\"article\" \/>\n<meta property=\"og:title\" content=\"Kontakt &#8211; Tanzschule Hamburg - La Pasi\u00f3n Dance Company\" \/>\n<meta property=\"og:description\" content=\"Du suchst nach dem richtigen Kontakt einer Tanzschule in Hamburg? Schreibe uns jetzt eine Nachricht und wir vereinbaren eine Probestunde!\" \/>\n<meta property=\"og:url\" content=\"https:\/\/lp-dancecompany.de\/index.php\/kontakt-tanzschule-hamburg\/\" \/>\n<meta property=\"og:site_name\" content=\"Tanzschule Hamburg - La Pasi\u00f3n Dance Company\" \/>\n<meta property=\"article:modified_time\" content=\"2025-09-16T11:10:24+00:00\" \/>\n<meta property=\"og:image\" content=\"https:\/\/lp-dancecompany.de\/wp-content\/uploads\/2024\/02\/cropped-Design-ohne-Titel-12.png\" \/>\n\t<meta property=\"og:image:width\" content=\"540\" \/>\n\t<meta property=\"og:image:height\" content=\"303\" \/>\n\t<meta property=\"og:image:type\" content=\"image\/png\" \/>\n<meta name=\"twitter:card\" content=\"summary_large_image\" \/>\n<meta name=\"twitter:label1\" content=\"Gesch\u00e4tzte Lesezeit\" \/>\n\t<meta name=\"twitter:data1\" content=\"1\u00a0Minute\" \/>\n<script type=\"application\/ld+json\" class=\"yoast-schema-graph\">{\"@context\":\"https:\\\/\\\/schema.org\",\"@graph\":[{\"@type\":\"WebPage\",\"@id\":\"https:\\\/\\\/lp-dancecompany.de\\\/index.php\\\/kontakt-tanzschule-hamburg\\\/\",\"url\":\"https:\\\/\\\/lp-dancecompany.de\\\/index.php\\\/kontakt-tanzschule-hamburg\\\/\",\"name\":\"Kontakt &#8211; Tanzschule Hamburg - La Pasi\u00f3n Dance Company\",\"isPartOf\":{\"@id\":\"https:\\\/\\\/lp-dancecompany.de\\\/#website\"},\"datePublished\":\"2023-02-01T16:00:17+00:00\",\"dateModified\":\"2025-09-16T11:10:24+00:00\",\"description\":\"Du suchst nach dem richtigen Kontakt einer Tanzschule in Hamburg? Schreibe uns jetzt eine Nachricht und wir vereinbaren eine Probestunde!\",\"breadcrumb\":{\"@id\":\"https:\\\/\\\/lp-dancecompany.de\\\/index.php\\\/kontakt-tanzschule-hamburg\\\/#breadcrumb\"},\"inLanguage\":\"de\",\"potentialAction\":[{\"@type\":\"ReadAction\",\"target\":[\"https:\\\/\\\/lp-dancecompany.de\\\/index.php\\\/kontakt-tanzschule-hamburg\\\/\"]}]},{\"@type\":\"BreadcrumbList\",\"@id\":\"https:\\\/\\\/lp-dancecompany.de\\\/index.php\\\/kontakt-tanzschule-hamburg\\\/#breadcrumb\",\"itemListElement\":[{\"@type\":\"ListItem\",\"position\":1,\"name\":\"Home\",\"item\":\"https:\\\/\\\/lp-dancecompany.de\\\/\"},{\"@type\":\"ListItem\",\"position\":2,\"name\":\"Kontakt\"}]},{\"@type\":\"WebSite\",\"@id\":\"https:\\\/\\\/lp-dancecompany.de\\\/#website\",\"url\":\"https:\\\/\\\/lp-dancecompany.de\\\/\",\"name\":\"Tanzschule Hamburg - La Pasi\u00f3n Dance Company\",\"description\":\"Deine Dance Company aus Hamburg f\u00fcr Tanzkurse &amp; Wettbewerbe\",\"publisher\":{\"@id\":\"https:\\\/\\\/lp-dancecompany.de\\\/#organization\"},\"alternateName\":\"L.P.D.C\",\"potentialAction\":[{\"@type\":\"SearchAction\",\"target\":{\"@type\":\"EntryPoint\",\"urlTemplate\":\"https:\\\/\\\/lp-dancecompany.de\\\/?s={search_term_string}\"},\"query-input\":{\"@type\":\"PropertyValueSpecification\",\"valueRequired\":true,\"valueName\":\"search_term_string\"}}],\"inLanguage\":\"de\"},{\"@type\":\"Organization\",\"@id\":\"https:\\\/\\\/lp-dancecompany.de\\\/#organization\",\"name\":\"Tanzschule Hamburg - La Pasi\u00f3n Dance Company\",\"alternateName\":\"L.P.D.C\",\"url\":\"https:\\\/\\\/lp-dancecompany.de\\\/\",\"logo\":{\"@type\":\"ImageObject\",\"inLanguage\":\"de\",\"@id\":\"https:\\\/\\\/lp-dancecompany.de\\\/#\\\/schema\\\/logo\\\/image\\\/\",\"url\":\"https:\\\/\\\/lp-dancecompany.de\\\/wp-content\\\/uploads\\\/2024\\\/02\\\/cropped-Design-ohne-Titel-12.png\",\"contentUrl\":\"https:\\\/\\\/lp-dancecompany.de\\\/wp-content\\\/uploads\\\/2024\\\/02\\\/cropped-Design-ohne-Titel-12.png\",\"width\":540,\"height\":303,\"caption\":\"Tanzschule Hamburg - La Pasi\u00f3n Dance Company\"},\"image\":{\"@id\":\"https:\\\/\\\/lp-dancecompany.de\\\/#\\\/schema\\\/logo\\\/image\\\/\"},\"sameAs\":[\"https:\\\/\\\/www.tiktok.com\\\/@l.p.d.c\",\"https:\\\/\\\/www.instagram.com\\\/l.p.d_company\\\/\"]}]}<\/script>\n<!-- \/ Yoast SEO plugin. -->","yoast_head_json":{"title":"Kontakt &#8211; Tanzschule Hamburg - La Pasi\u00f3n Dance Company","description":"Du suchst nach dem richtigen Kontakt einer Tanzschule in Hamburg? Schreibe uns jetzt eine Nachricht und wir vereinbaren eine Probestunde!","robots":{"index":"index","follow":"follow","max-snippet":"max-snippet:-1","max-image-preview":"max-image-preview:large","max-video-preview":"max-video-preview:-1"},"canonical":"https:\/\/lp-dancecompany.de\/index.php\/kontakt-tanzschule-hamburg\/","og_locale":"de_DE","og_type":"article","og_title":"Kontakt &#8211; Tanzschule Hamburg - La Pasi\u00f3n Dance Company","og_description":"Du suchst nach dem richtigen Kontakt einer Tanzschule in Hamburg? Schreibe uns jetzt eine Nachricht und wir vereinbaren eine Probestunde!","og_url":"https:\/\/lp-dancecompany.de\/index.php\/kontakt-tanzschule-hamburg\/","og_site_name":"Tanzschule Hamburg - La Pasi\u00f3n Dance Company","article_modified_time":"2025-09-16T11:10:24+00:00","og_image":[{"width":540,"height":303,"url":"https:\/\/lp-dancecompany.de\/wp-content\/uploads\/2024\/02\/cropped-Design-ohne-Titel-12.png","type":"image\/png"}],"twitter_card":"summary_large_image","twitter_misc":{"Gesch\u00e4tzte Lesezeit":"1\u00a0Minute"},"schema":{"@context":"https:\/\/schema.org","@graph":[{"@type":"WebPage","@id":"https:\/\/lp-dancecompany.de\/index.php\/kontakt-tanzschule-hamburg\/","url":"https:\/\/lp-dancecompany.de\/index.php\/kontakt-tanzschule-hamburg\/","name":"Kontakt &#8211; Tanzschule Hamburg - La Pasi\u00f3n Dance Company","isPartOf":{"@id":"https:\/\/lp-dancecompany.de\/#website"},"datePublished":"2023-02-01T16:00:17+00:00","dateModified":"2025-09-16T11:10:24+00:00","description":"Du suchst nach dem richtigen Kontakt einer Tanzschule in Hamburg? Schreibe uns jetzt eine Nachricht und wir vereinbaren eine Probestunde!","breadcrumb":{"@id":"https:\/\/lp-dancecompany.de\/index.php\/kontakt-tanzschule-hamburg\/#breadcrumb"},"inLanguage":"de","potentialAction":[{"@type":"ReadAction","target":["https:\/\/lp-dancecompany.de\/index.php\/kontakt-tanzschule-hamburg\/"]}]},{"@type":"BreadcrumbList","@id":"https:\/\/lp-dancecompany.de\/index.php\/kontakt-tanzschule-hamburg\/#breadcrumb","itemListElement":[{"@type":"ListItem","position":1,"name":"Home","item":"https:\/\/lp-dancecompany.de\/"},{"@type":"ListItem","position":2,"name":"Kontakt"}]},{"@type":"WebSite","@id":"https:\/\/lp-dancecompany.de\/#website","url":"https:\/\/lp-dancecompany.de\/","name":"Tanzschule Hamburg - La Pasi\u00f3n Dance Company","description":"Deine Dance Company aus Hamburg f\u00fcr Tanzkurse &amp; Wettbewerbe","publisher":{"@id":"https:\/\/lp-dancecompany.de\/#organization"},"alternateName":"L.P.D.C","potentialAction":[{"@type":"SearchAction","target":{"@type":"EntryPoint","urlTemplate":"https:\/\/lp-dancecompany.de\/?s={search_term_string}"},"query-input":{"@type":"PropertyValueSpecification","valueRequired":true,"valueName":"search_term_string"}}],"inLanguage":"de"},{"@type":"Organization","@id":"https:\/\/lp-dancecompany.de\/#organization","name":"Tanzschule Hamburg - La Pasi\u00f3n Dance Company","alternateName":"L.P.D.C","url":"https:\/\/lp-dancecompany.de\/","logo":{"@type":"ImageObject","inLanguage":"de","@id":"https:\/\/lp-dancecompany.de\/#\/schema\/logo\/image\/","url":"https:\/\/lp-dancecompany.de\/wp-content\/uploads\/2024\/02\/cropped-Design-ohne-Titel-12.png","contentUrl":"https:\/\/lp-dancecompany.de\/wp-content\/uploads\/2024\/02\/cropped-Design-ohne-Titel-12.png","width":540,"height":303,"caption":"Tanzschule Hamburg - La Pasi\u00f3n Dance Company"},"image":{"@id":"https:\/\/lp-dancecompany.de\/#\/schema\/logo\/image\/"},"sameAs":["https:\/\/www.tiktok.com\/@l.p.d.c","https:\/\/www.instagram.com\/l.p.d_company\/"]}]}},"_links":{"self":[{"href":"https:\/\/lp-dancecompany.de\/index.php\/wp-json\/wp\/v2\/pages\/2315","targetHints":{"allow":["GET"]}}],"collection":[{"href":"https:\/\/lp-dancecompany.de\/index.php\/wp-json\/wp\/v2\/pages"}],"about":[{"href":"https:\/\/lp-dancecompany.de\/index.php\/wp-json\/wp\/v2\/types\/page"}],"author":[{"embeddable":true,"href":"https:\/\/lp-dancecompany.de\/index.php\/wp-json\/wp\/v2\/users\/1"}],"replies":[{"embeddable":true,"href":"https:\/\/lp-dancecompany.de\/index.php\/wp-json\/wp\/v2\/comments?post=2315"}],"version-history":[{"count":37,"href":"https:\/\/lp-dancecompany.de\/index.php\/wp-json\/wp\/v2\/pages\/2315\/revisions"}],"predecessor-version":[{"id":14789,"href":"https:\/\/lp-dancecompany.de\/index.php\/wp-json\/wp\/v2\/pages\/2315\/revisions\/14789"}],"wp:attachment":[{"href":"https:\/\/lp-dancecompany.de\/index.php\/wp-json\/wp\/v2\/media?parent=2315"}],"curies":[{"name":"wp","href":"https:\/\/api.w.org\/{rel}","templated":true}]}}